{"id":16,"date":"2017-12-23T10:24:20","date_gmt":"2017-12-23T09:24:20","guid":{"rendered":"http:\/\/nysida.stavby.se\/?page_id=16"},"modified":"2026-04-03T09:19:09","modified_gmt":"2026-04-03T07:19:09","slug":"startsida","status":"publish","type":"page","link":"https:\/\/www.stavby.se\/","title":{"rendered":"Hem"},"content":{"rendered":"<h3 style=\"text-align: center;\">V\u00e4lkommen till Stavby bygdeg\u00e5rdsf\u00f6renings hemsida.<\/h3>\n<p><img decoding=\"async\" loading=\"lazy\" class=\"size-full wp-image-22\" src=\"http:\/\/www.stavby.se\/wp-content\/uploads\/2017\/12\/20170618_190650.jpg\" alt=\"\" width=\"2560\" height=\"1440\" srcset=\"https:\/\/www.stavby.se\/wp-content\/uploads\/2017\/12\/20170618_190650.jpg 2560w, https:\/\/www.stavby.se\/wp-content\/uploads\/2017\/12\/20170618_190650-300x169.jpg 300w, https:\/\/www.stavby.se\/wp-content\/uploads\/2017\/12\/20170618_190650-768x432.jpg 768w, https:\/\/www.stavby.se\/wp-content\/uploads\/2017\/12\/20170618_190650-1024x576.jpg 1024w\" sizes=\"(max-width: 2560px) 100vw, 2560px\" \/><\/p>\n<p>Vi presenterar h\u00e4r p\u00e5 startsidan det som \u00e4r p\u00e5 g\u00e5ng h\u00e4rn\u00e4st.<\/p>\n<p><strong>Vi vill ocks\u00e5 h\u00e4r p\u00e5 startsidan informera om att det numera finns en hj\u00e4rtstartare som \u00e4r placerad i entr\u00e9hallen.<\/strong><\/p>\n\n\n<p><strong>\u00c5rsm\u00f6te 2025<\/strong><br>Stavby bygdeg\u00e5rdsf\u00f6rening hade \u00e5rsm\u00f6te m\u00e5ndagen den 17 mars i bygdeg\u00e5rden. Protokollet finns under fliken &#8221;\u00c5rsm\u00f6tesprokoll&#8221; eller direkt till protokollet via l\u00e4nken h\u00e4r <a href=\"http:\/\/stavby.se\/wp-content\/uploads\/2025\/03\/Arsmotesprotokoll-2025.pdf\">\u00c5rsm\u00f6tesprotokoll<\/a>.<\/p>\n\n\n\n<p><strong>Stavby Bio<\/strong><br>Vi har avslutat v\u00e5rs\u00e4songen 2026, \u00e5terkommer i h\u00f6st.<\/p>\n\n\n\n<p><strong>Yoga<\/strong><br>P\u00e5 onsdagskv\u00e4llar \u00e4r det Yoga f\u00f6r b\u00e5de herrar och damer, se l\u00e4nk <a href=\"https:\/\/trananara.se\/schema.html\">Yoga<\/a><\/p>\n\n\n\n<p><strong>\u00d6ppet hus<\/strong> <strong>i Stavby bygdeg\u00e5rd<\/strong> <strong>v\u00e5ren 2026<\/strong><br>Vi tr\u00e4ffas i v\u00e5r vid fyra tillf\u00e4llen p\u00e5 onsdagar kl. 13.30 fram till ca 16.00, den 21\/1, 18\/2, 18\/3 och 15\/4. Vi som tr\u00e4ffats tidigare har stickat, virkat, l\u00e5nat b\u00f6cker, men mest har vi pratat om allt mellan himmel och jord. Kortspelet &#8221;Kille&#8221; kommer vi att l\u00e4ra ut till dem som s\u00e5 \u00f6nskar. Om du vill l\u00e4ra dig sticka\/virka s\u00e5 kan du ocks\u00e5 f\u00e5 hj\u00e4lp. Vi bjuder p\u00e5 fika.<br>Funderar du \u00f6ver n\u00e5got och vill ha mer info eller om du beh\u00f6ver skjuts kontakta:<br>Annika: <strong>070- 690 03 63.<\/strong><br><strong>V\u00e4lkommen<\/strong><\/p>\n","protected":false},"excerpt":{"rendered":"<p>V\u00e4lkommen till Stavby bygdeg\u00e5rdsf\u00f6renings hemsida. Vi presenterar h\u00e4r p\u00e5 startsidan det som \u00e4r p\u00e5 g\u00e5ng h\u00e4rn\u00e4st. Vi vill ocks\u00e5 h\u00e4r p\u00e5 startsidan informera om att det numera finns en hj\u00e4rtstartare som \u00e4r placerad i entr\u00e9hallen. \u00c5rsm\u00f6te 2025Stavby bygdeg\u00e5rdsf\u00f6rening hade \u00e5rsm\u00f6te m\u00e5ndagen den 17 mars i bygdeg\u00e5rden. Protokollet finns under fliken &#8221;\u00c5rsm\u00f6tesprokoll&#8221; eller direkt till protokollet [&hellip;]<\/p>\n","protected":false},"author":1,"featured_media":0,"parent":0,"menu_order":1,"comment_status":"closed","ping_status":"closed","template":"","meta":[],"folder":[],"_links":{"self":[{"href":"https:\/\/www.stavby.se\/index.php\/wp-json\/wp\/v2\/pages\/16"}],"collection":[{"href":"https:\/\/www.stavby.se\/index.php\/wp-json\/wp\/v2\/pages"}],"about":[{"href":"https:\/\/www.stavby.se\/index.php\/wp-json\/wp\/v2\/types\/page"}],"author":[{"embeddable":true,"href":"https:\/\/www.stavby.se\/index.php\/wp-json\/wp\/v2\/users\/1"}],"replies":[{"embeddable":true,"href":"https:\/\/www.stavby.se\/index.php\/wp-json\/wp\/v2\/comments?post=16"}],"version-history":[{"count":216,"href":"https:\/\/www.stavby.se\/index.php\/wp-json\/wp\/v2\/pages\/16\/revisions"}],"predecessor-version":[{"id":1077,"href":"https:\/\/www.stavby.se\/index.php\/wp-json\/wp\/v2\/pages\/16\/revisions\/1077"}],"wp:attachment":[{"href":"https:\/\/www.stavby.se\/index.php\/wp-json\/wp\/v2\/media?parent=16"}],"wp:term":[{"taxonomy":"folder","embeddable":true,"href":"https:\/\/www.stavby.se\/index.php\/wp-json\/wp\/v2\/folder?post=16"}],"curies":[{"name":"wp","href":"https:\/\/api.w.org\/{rel}","templated":true}]}}