{"id":18,"date":"2017-12-23T10:24:20","date_gmt":"2017-12-23T09:24:20","guid":{"rendered":"http:\/\/nysida.stavby.se\/?page_id=18"},"modified":"2025-02-16T19:23:17","modified_gmt":"2025-02-16T18:23:17","slug":"kontakta-oss","status":"publish","type":"page","link":"https:\/\/www.stavby.se\/index.php\/startsida\/kontakta-oss\/","title":{"rendered":"Boka BG"},"content":{"rendered":"<p><b>Vill du hyra bygdeg\u00e5rden<\/b><\/p>\n<p>Kontakta:<br \/>Peter Karlsson<br \/>mobil: 070-617 17 87, ring eller skicka ett SMS<\/p>\n<p>H\u00e4r nedan kan du l\u00e4sa vad som g\u00e4ller n\u00e4r du skall hyra samt prislista<\/p>\n\n\n<figure class=\"wp-block-image size-large\"><img decoding=\"async\" loading=\"lazy\" width=\"724\" height=\"1024\" src=\"https:\/\/www.stavby.se\/wp-content\/uploads\/2025\/02\/Hyreskontrakt-Stavby-bg-724x1024.jpg\" alt=\"\" class=\"wp-image-974\" srcset=\"https:\/\/www.stavby.se\/wp-content\/uploads\/2025\/02\/Hyreskontrakt-Stavby-bg-724x1024.jpg 724w, https:\/\/www.stavby.se\/wp-content\/uploads\/2025\/02\/Hyreskontrakt-Stavby-bg-212x300.jpg 212w, https:\/\/www.stavby.se\/wp-content\/uploads\/2025\/02\/Hyreskontrakt-Stavby-bg-768x1086.jpg 768w, https:\/\/www.stavby.se\/wp-content\/uploads\/2025\/02\/Hyreskontrakt-Stavby-bg-1087x1536.jpg 1087w, https:\/\/www.stavby.se\/wp-content\/uploads\/2025\/02\/Hyreskontrakt-Stavby-bg-1449x2048.jpg 1449w, https:\/\/www.stavby.se\/wp-content\/uploads\/2025\/02\/Hyreskontrakt-Stavby-bg.jpg 1654w\" sizes=\"(max-width: 724px) 100vw, 724px\" \/><\/figure>\n\n\n\n<figure class=\"wp-block-image size-large\"><img decoding=\"async\" loading=\"lazy\" width=\"879\" height=\"1024\" src=\"http:\/\/www.stavby.se\/wp-content\/uploads\/2023\/11\/Hyreskontrakt-prislista-Stavby-bg-879x1024.jpg\" alt=\"\" class=\"wp-image-810\" srcset=\"https:\/\/www.stavby.se\/wp-content\/uploads\/2023\/11\/Hyreskontrakt-prislista-Stavby-bg-879x1024.jpg 879w, https:\/\/www.stavby.se\/wp-content\/uploads\/2023\/11\/Hyreskontrakt-prislista-Stavby-bg-257x300.jpg 257w, https:\/\/www.stavby.se\/wp-content\/uploads\/2023\/11\/Hyreskontrakt-prislista-Stavby-bg-768x895.jpg 768w, https:\/\/www.stavby.se\/wp-content\/uploads\/2023\/11\/Hyreskontrakt-prislista-Stavby-bg-1318x1536.jpg 1318w, https:\/\/www.stavby.se\/wp-content\/uploads\/2023\/11\/Hyreskontrakt-prislista-Stavby-bg.jpg 1700w\" sizes=\"(max-width: 879px) 100vw, 879px\" \/><\/figure>\n","protected":false},"excerpt":{"rendered":"<p>Vill du hyra bygdeg\u00e5rden Kontakta:Peter Karlssonmobil: 070-617 17 87, ring eller skicka ett SMS H\u00e4r nedan kan du l\u00e4sa vad som g\u00e4ller n\u00e4r du skall hyra samt prislista<\/p>\n","protected":false},"author":1,"featured_media":0,"parent":16,"menu_order":3,"comment_status":"closed","ping_status":"closed","template":"","meta":[],"folder":[],"_links":{"self":[{"href":"https:\/\/www.stavby.se\/index.php\/wp-json\/wp\/v2\/pages\/18"}],"collection":[{"href":"https:\/\/www.stavby.se\/index.php\/wp-json\/wp\/v2\/pages"}],"about":[{"href":"https:\/\/www.stavby.se\/index.php\/wp-json\/wp\/v2\/types\/page"}],"author":[{"embeddable":true,"href":"https:\/\/www.stavby.se\/index.php\/wp-json\/wp\/v2\/users\/1"}],"replies":[{"embeddable":true,"href":"https:\/\/www.stavby.se\/index.php\/wp-json\/wp\/v2\/comments?post=18"}],"version-history":[{"count":31,"href":"https:\/\/www.stavby.se\/index.php\/wp-json\/wp\/v2\/pages\/18\/revisions"}],"predecessor-version":[{"id":975,"href":"https:\/\/www.stavby.se\/index.php\/wp-json\/wp\/v2\/pages\/18\/revisions\/975"}],"up":[{"embeddable":true,"href":"https:\/\/www.stavby.se\/index.php\/wp-json\/wp\/v2\/pages\/16"}],"wp:attachment":[{"href":"https:\/\/www.stavby.se\/index.php\/wp-json\/wp\/v2\/media?parent=18"}],"wp:term":[{"taxonomy":"folder","embeddable":true,"href":"https:\/\/www.stavby.se\/index.php\/wp-json\/wp\/v2\/folder?post=18"}],"curies":[{"name":"wp","href":"https:\/\/api.w.org\/{rel}","templated":true}]}}