{"id":201,"date":"2019-06-19T08:00:10","date_gmt":"2019-06-19T06:00:10","guid":{"rendered":"http:\/\/nysida.stavby.se\/?page_id=201"},"modified":"2025-03-31T18:08:06","modified_gmt":"2025-03-31T16:08:06","slug":"protokoll","status":"publish","type":"page","link":"https:\/\/www.stavby.se\/index.php\/startsida\/protokoll\/","title":{"rendered":"\u00c5rsm\u00f6tesprotokoll"},"content":{"rendered":"<h3 style=\"text-align: center;\"><a href=\"http:\/\/www.stavby.se\/wp-content\/uploads\/2020\/02\/\u00c5rsm\u00f6te-2019.pdf\">\u00c5rsm\u00f6te 2019<\/a><strong><br><\/strong><br><a href=\"http:\/\/www.stavby.se\/wp-content\/uploads\/2020\/04\/\u00c5rsm\u00f6tesprotokoll-2020.pdf\">\u00c5rsm\u00f6te 2020<\/a><\/h3>\n\n\n<h3 class=\"has-text-align-center\"><a href=\"http:\/\/www.stavby.se\/wp-content\/uploads\/2021\/05\/\u00c5rsm\u00f6tesprotokoll-20210417.pdf\">\u00c5rsm\u00f6te 2021<\/a><\/h3>\n\n\n\n<h3 class=\"has-text-align-center\"><a href=\"http:\/\/www.stavby.se\/wp-content\/uploads\/2022\/07\/\u00c5rsm\u00f6tesprotokoll-2022.pdf\">\u00c5rsm\u00f6te 2022<\/a><\/h3>\n\n\n\n<h3 class=\"has-text-align-center\"><a href=\"http:\/\/www.stavby.se\/wp-content\/uploads\/2023\/03\/Arsmotesprotokoll-2023.pdf\">\u00c5rsm\u00f6te 2023<\/a><br><br><a href=\"http:\/\/www.stavby.se\/wp-content\/uploads\/2024\/09\/Arsmotesprotokoll-2024.pdf\">\u00c5rsm\u00f6te 2024<\/a><br><br><a href=\"http:\/\/www.stavby.se\/wp-content\/uploads\/2025\/03\/Arsmotesprotokoll-2025.pdf\">\u00c5rsm\u00f6te 2025<\/a><\/h3>\n","protected":false},"excerpt":{"rendered":"<p>\u00c5rsm\u00f6te 2019\u00c5rsm\u00f6te 2020 \u00c5rsm\u00f6te 2021 \u00c5rsm\u00f6te 2022 \u00c5rsm\u00f6te 2023 \u00c5rsm\u00f6te 2024 \u00c5rsm\u00f6te 2025<\/p>\n","protected":false},"author":1,"featured_media":0,"parent":16,"menu_order":5,"comment_status":"closed","ping_status":"closed","template":"","meta":[],"folder":[],"_links":{"self":[{"href":"https:\/\/www.stavby.se\/index.php\/wp-json\/wp\/v2\/pages\/201"}],"collection":[{"href":"https:\/\/www.stavby.se\/index.php\/wp-json\/wp\/v2\/pages"}],"about":[{"href":"https:\/\/www.stavby.se\/index.php\/wp-json\/wp\/v2\/types\/page"}],"author":[{"embeddable":true,"href":"https:\/\/www.stavby.se\/index.php\/wp-json\/wp\/v2\/users\/1"}],"replies":[{"embeddable":true,"href":"https:\/\/www.stavby.se\/index.php\/wp-json\/wp\/v2\/comments?post=201"}],"version-history":[{"count":38,"href":"https:\/\/www.stavby.se\/index.php\/wp-json\/wp\/v2\/pages\/201\/revisions"}],"predecessor-version":[{"id":984,"href":"https:\/\/www.stavby.se\/index.php\/wp-json\/wp\/v2\/pages\/201\/revisions\/984"}],"up":[{"embeddable":true,"href":"https:\/\/www.stavby.se\/index.php\/wp-json\/wp\/v2\/pages\/16"}],"wp:attachment":[{"href":"https:\/\/www.stavby.se\/index.php\/wp-json\/wp\/v2\/media?parent=201"}],"wp:term":[{"taxonomy":"folder","embeddable":true,"href":"https:\/\/www.stavby.se\/index.php\/wp-json\/wp\/v2\/folder?post=201"}],"curies":[{"name":"wp","href":"https:\/\/api.w.org\/{rel}","templated":true}]}}