{"id":229,"date":"2019-06-27T15:55:55","date_gmt":"2019-06-27T13:55:55","guid":{"rendered":"http:\/\/www.stavby.se\/?page_id=229"},"modified":"2024-01-08T08:02:58","modified_gmt":"2024-01-08T07:02:58","slug":"bli-medlem","status":"publish","type":"page","link":"https:\/\/www.stavby.se\/index.php\/startsida\/bli-medlem\/","title":{"rendered":"Bli medlem"},"content":{"rendered":"<p><strong>Bli medlem och st\u00f6d Stavby bygdeg\u00e5rdsf\u00f6rening.<br \/>\nMedlemsavgiften \u00e4r 200 kr per \u00e5r och hush\u00e5ll.<br \/>\nN\u00e4r du varit medlem tre av de sista fem \u00e5ren kan du boka bygdeg\u00e5rden till medlemspris. Se under fliken &#8221;Boka BG&#8221;.<br \/>\nBetala till bankgiro nr: 5348-7963 eller Swisha till nummer: 123 324 86 30<br \/>\nOm du betalar via bankgiro s\u00e5 ange p\u00e5 betalningen namn och att det \u00e4r medlemsavgift som avses. Om du betalar med Swish p\u00e5 ovanst\u00e5ende swishnummer och betalningen g\u00e4ller f\u00f6r dig\/din familj beh\u00f6ver du inte ange n\u00e5gonting.<\/strong><\/p>\n","protected":false},"excerpt":{"rendered":"<p>Bli medlem och st\u00f6d Stavby bygdeg\u00e5rdsf\u00f6rening. Medlemsavgiften \u00e4r 200 kr per \u00e5r och hush\u00e5ll. N\u00e4r du varit medlem tre av de sista fem \u00e5ren kan du boka bygdeg\u00e5rden till medlemspris. Se under fliken &#8221;Boka BG&#8221;. Betala till bankgiro nr: 5348-7963 eller Swisha till nummer: 123 324 86 30 Om du betalar via bankgiro s\u00e5 ange [&hellip;]<\/p>\n","protected":false},"author":1,"featured_media":0,"parent":16,"menu_order":2,"comment_status":"closed","ping_status":"closed","template":"","meta":[],"folder":[],"_links":{"self":[{"href":"https:\/\/www.stavby.se\/index.php\/wp-json\/wp\/v2\/pages\/229"}],"collection":[{"href":"https:\/\/www.stavby.se\/index.php\/wp-json\/wp\/v2\/pages"}],"about":[{"href":"https:\/\/www.stavby.se\/index.php\/wp-json\/wp\/v2\/types\/page"}],"author":[{"embeddable":true,"href":"https:\/\/www.stavby.se\/index.php\/wp-json\/wp\/v2\/users\/1"}],"replies":[{"embeddable":true,"href":"https:\/\/www.stavby.se\/index.php\/wp-json\/wp\/v2\/comments?post=229"}],"version-history":[{"count":10,"href":"https:\/\/www.stavby.se\/index.php\/wp-json\/wp\/v2\/pages\/229\/revisions"}],"predecessor-version":[{"id":832,"href":"https:\/\/www.stavby.se\/index.php\/wp-json\/wp\/v2\/pages\/229\/revisions\/832"}],"up":[{"embeddable":true,"href":"https:\/\/www.stavby.se\/index.php\/wp-json\/wp\/v2\/pages\/16"}],"wp:attachment":[{"href":"https:\/\/www.stavby.se\/index.php\/wp-json\/wp\/v2\/media?parent=229"}],"wp:term":[{"taxonomy":"folder","embeddable":true,"href":"https:\/\/www.stavby.se\/index.php\/wp-json\/wp\/v2\/folder?post=229"}],"curies":[{"name":"wp","href":"https:\/\/api.w.org\/{rel}","templated":true}]}}