{"id":251,"date":"2019-07-07T10:43:22","date_gmt":"2019-07-07T08:43:22","guid":{"rendered":"http:\/\/www.stavby.se\/?page_id=251"},"modified":"2026-04-03T09:20:21","modified_gmt":"2026-04-03T07:20:21","slug":"biobladet","status":"publish","type":"page","link":"https:\/\/www.stavby.se\/index.php\/startsida\/biobladet\/","title":{"rendered":"Biobladet samt \u00f6vrig info"},"content":{"rendered":"\n<p><\/p>\n\n\n\n<p>F\u00f6r info och fr\u00e5gor kontakta:<br>H\u00e5kan Odhner (biograff\u00f6rest\u00e5ndare)<br>mobil: 070-311 23 86, hem: 0174-134 09<br>e-post: <a href=\"mailto:hakan@stavby.se\">hakan@stavby.se<\/a><br>eller<br>Christer Johansson (vice biograff\u00f6rest\u00e5ndare)<br>mobil:  070-660 97 94, hem: 0174-131 53, <br>e-post: <a href=\"mailto:christer@stavby.se\">christer@stavby.se<\/a> eller <a href=\"mailto:christer13153@telia.com\">christer13153@telia.com<\/a><\/p>\n\n\n\n<p>Vid visning av svenska filmer bjuder vi p\u00e5 kaffe o kaka.<\/p>\n\n\n\n<p>Vi kan \u00e4ven arrangera specialvisningar f\u00f6r f\u00f6retag, f\u00f6reningar, skolor, grupper m.m. Kontakta i s\u00e5 fall H\u00e5kan eller Christer ovan.<\/p>\n\n\n\n<p>F\u00f6rk\u00f6p av biljetter g\u00f6rs under fliken <a href=\"https:\/\/www.bio.se\/biografer\/stavby-bio-2\">&#8221;F\u00f6rk\u00f6p av biobiljetter&#8221;<\/a> uppe i menyn eller klicka p\u00e5 l\u00e4nken.<\/p>\n\n\n\n<p>Vi har 26 st. nya biofot\u00f6ljer, totalt har vi plats f\u00f6r 80 bes\u00f6kare.<\/p>\n\n\n\n<p><strong>Kommande filmer l\u00e4ngst ner p\u00e5 denna sida.<\/strong><\/p>\n\n\n\n<figure class=\"wp-block-image size-large\"><img decoding=\"async\" loading=\"lazy\" width=\"1024\" height=\"498\" src=\"http:\/\/www.stavby.se\/wp-content\/uploads\/2023\/08\/20230122_134259-1024x498.jpg\" alt=\"\" class=\"wp-image-748\" srcset=\"https:\/\/www.stavby.se\/wp-content\/uploads\/2023\/08\/20230122_134259-1024x498.jpg 1024w, https:\/\/www.stavby.se\/wp-content\/uploads\/2023\/08\/20230122_134259-300x146.jpg 300w, https:\/\/www.stavby.se\/wp-content\/uploads\/2023\/08\/20230122_134259-768x373.jpg 768w, https:\/\/www.stavby.se\/wp-content\/uploads\/2023\/08\/20230122_134259-1536x747.jpg 1536w, https:\/\/www.stavby.se\/wp-content\/uploads\/2023\/08\/20230122_134259-2048x996.jpg 2048w\" sizes=\"(max-width: 1024px) 100vw, 1024px\" \/><\/figure>\n\n\n\n<p>Inga fler filmer \u00e4r planerade under v\u00e5ren 2026, \u00e5terkommer i h\u00f6st.<\/p>\n","protected":false},"excerpt":{"rendered":"<p>F\u00f6r info och fr\u00e5gor kontakta:H\u00e5kan Odhner (biograff\u00f6rest\u00e5ndare)mobil: 070-311 23 86, hem: 0174-134 09e-post: hakan@stavby.seellerChrister Johansson (vice biograff\u00f6rest\u00e5ndare)mobil: 070-660 97 94, hem: 0174-131 53, e-post: christer@stavby.se eller christer13153@telia.com Vid visning av svenska filmer bjuder vi p\u00e5 kaffe o kaka. Vi kan \u00e4ven arrangera specialvisningar f\u00f6r f\u00f6retag, f\u00f6reningar, skolor, grupper m.m. Kontakta i s\u00e5 fall H\u00e5kan eller [&hellip;]<\/p>\n","protected":false},"author":1,"featured_media":0,"parent":16,"menu_order":7,"comment_status":"closed","ping_status":"closed","template":"","meta":[],"folder":[],"_links":{"self":[{"href":"https:\/\/www.stavby.se\/index.php\/wp-json\/wp\/v2\/pages\/251"}],"collection":[{"href":"https:\/\/www.stavby.se\/index.php\/wp-json\/wp\/v2\/pages"}],"about":[{"href":"https:\/\/www.stavby.se\/index.php\/wp-json\/wp\/v2\/types\/page"}],"author":[{"embeddable":true,"href":"https:\/\/www.stavby.se\/index.php\/wp-json\/wp\/v2\/users\/1"}],"replies":[{"embeddable":true,"href":"https:\/\/www.stavby.se\/index.php\/wp-json\/wp\/v2\/comments?post=251"}],"version-history":[{"count":124,"href":"https:\/\/www.stavby.se\/index.php\/wp-json\/wp\/v2\/pages\/251\/revisions"}],"predecessor-version":[{"id":1078,"href":"https:\/\/www.stavby.se\/index.php\/wp-json\/wp\/v2\/pages\/251\/revisions\/1078"}],"up":[{"embeddable":true,"href":"https:\/\/www.stavby.se\/index.php\/wp-json\/wp\/v2\/pages\/16"}],"wp:attachment":[{"href":"https:\/\/www.stavby.se\/index.php\/wp-json\/wp\/v2\/media?parent=251"}],"wp:term":[{"taxonomy":"folder","embeddable":true,"href":"https:\/\/www.stavby.se\/index.php\/wp-json\/wp\/v2\/folder?post=251"}],"curies":[{"name":"wp","href":"https:\/\/api.w.org\/{rel}","templated":true}]}}