{"id":837,"date":"2024-02-23T06:58:21","date_gmt":"2024-02-23T05:58:21","guid":{"rendered":"http:\/\/www.stavby.se\/?page_id=837"},"modified":"2024-03-11T07:10:51","modified_gmt":"2024-03-11T06:10:51","slug":"stavbygropen","status":"publish","type":"page","link":"https:\/\/www.stavby.se\/index.php\/stavbygropen\/","title":{"rendered":"Gropen och stigen"},"content":{"rendered":"\n<p><strong>V\u00e4lkommen till gropen och stigen!<\/strong><\/p>\n\n\n\n<p>Det samarbetsprojekt som var startskottet f\u00f6r gropen och stigen tilldelades 100&nbsp;000&nbsp;kr och vi fick bl.a. utm\u00e4rkelsen \u201dB\u00e4sta bygdecheck\u201d av Leader Upplandsbygd.Efter att samarbetsprojektet avslutades 2014 s\u00e5 har det under 2018 \u00e4ven byggts en frisbeegolfbana i grusgropen.&nbsp;<\/p>\n\n\n\n<p><strong>Stavbygropen<\/strong><\/p>\n\n\n\n<p>I grusgropen intill Stavby f\u00f6rsamlingshem finns m\u00f6jligheter till olika aktiviteter och upplevelser. H\u00e4r hittar du en frisbeegolfbana, grillplats, bouleplaner, naturgym och pulkabackar. Det \u00e4r m\u00e5nga som har \u00e5kt pulka nerf\u00f6r grusgropens sl\u00e4nter, vi \u00e4r glada att vi bidragit till att h\u00e5lla denna l\u00e5nga tradition vid liv. I grusgropen har det bl.a. h\u00e5llits ett eldspel d\u00e4r riddare visade upp sina konster i h\u00f6stm\u00f6rkret, det har ordnats melodikryss under Rasbo kulturvecka och det har spelats musikteater (en tolkning av Dan Anderssons debutroman Kolarhistorier). Vi hoppas under h\u00f6sten 2024 \u00e5terigen f\u00e5 uppleva det uppskattade eldspelet med riddarf\u00f6reningen Celeres Nordica!<\/p>\n\n\n\n<p>Med undantag f\u00f6r eventuella evenemang s\u00e5 \u00e4r det helt gratis att spela frisbeegolf, tr\u00e4na p\u00e5 naturgymmet eller anv\u00e4nda \u00f6vriga delar av grusgropen.<\/p>\n\n\n\n<p><strong>V\u00e4lkommen till v\u00e5rt gemensamma uterum!<\/strong><\/p>\n\n\n\n<p><strong>Stavbystigen<\/strong><\/p>\n\n\n\n<p>Natur- och kulturstigen g\u00e5r i en slinga med start och m\u00e5l vid Stavby kyrka. Du f\u00e5r bl.a. l\u00e4ra dig mer om Stavbys h\u00e4xprocess, en vikingakvinnas gravtillh\u00f6righeter och skogens zombie. Stigen \u00e4r ca&nbsp;8&nbsp;km l\u00e5ng och tar 2-3 timmar att g\u00e5. Du kommer att f\u00e5 vandra genom en gammal skog, kliva ut p\u00e5 en mosse samt torrskodd passera genom ett k\u00e4rr. L\u00e4ngs stigen finns flera viloplatser men den \u00e4r inte anpassad f\u00f6r r\u00f6relsehindrade och det saknas toalett. En del av stigen utg\u00f6rs av en kyrkstig som g\u00e5r fr\u00e5n Stavby kyrka fram till Nordansbolsv\u00e4gen, kyrkstigen \u00e4r en del av pilgrimsleden (Martinleden) som g\u00e5r fr\u00e5n Gr\u00e4s\u00f6 till Uppsala.<\/p>\n\n\n\n<p><strong>Ta steget ut i naturen och l\u00e4r dig mer om Stavbys natur- och kulturskatter!<\/strong><br>Mer info kontakta Annika 070-690 03 63 eller Thomas 070-299 80 11<\/p>\n\n\n<div class=\"wp-block-image is-style-default\">\n<figure class=\"aligncenter size-full\"><img decoding=\"async\" loading=\"lazy\" width=\"980\" height=\"735\" src=\"http:\/\/www.stavby.se\/wp-content\/uploads\/2024\/03\/Grusgropen_naturgym.jpg\" alt=\"\" class=\"wp-image-852\" srcset=\"https:\/\/www.stavby.se\/wp-content\/uploads\/2024\/03\/Grusgropen_naturgym.jpg 980w, https:\/\/www.stavby.se\/wp-content\/uploads\/2024\/03\/Grusgropen_naturgym-300x225.jpg 300w, https:\/\/www.stavby.se\/wp-content\/uploads\/2024\/03\/Grusgropen_naturgym-768x576.jpg 768w\" sizes=\"(max-width: 980px) 100vw, 980px\" \/><figcaption class=\"wp-element-caption\"><strong>Naturgym<\/strong><\/figcaption><\/figure><\/div>\n\n<div class=\"wp-block-image is-style-default\">\n<figure class=\"aligncenter size-large\"><img decoding=\"async\" loading=\"lazy\" width=\"1024\" height=\"768\" src=\"http:\/\/www.stavby.se\/wp-content\/uploads\/2024\/03\/Grusgropen_grillplats-1024x768.jpg\" alt=\"\" class=\"wp-image-851\" srcset=\"https:\/\/www.stavby.se\/wp-content\/uploads\/2024\/03\/Grusgropen_grillplats-1024x768.jpg 1024w, https:\/\/www.stavby.se\/wp-content\/uploads\/2024\/03\/Grusgropen_grillplats-300x225.jpg 300w, https:\/\/www.stavby.se\/wp-content\/uploads\/2024\/03\/Grusgropen_grillplats-768x576.jpg 768w, https:\/\/www.stavby.se\/wp-content\/uploads\/2024\/03\/Grusgropen_grillplats.jpg 1306w\" sizes=\"(max-width: 1024px) 100vw, 1024px\" \/><figcaption class=\"wp-element-caption\"><strong>Grillplats<\/strong><\/figcaption><\/figure><\/div>\n\n<div class=\"wp-block-image is-style-default\">\n<figure class=\"aligncenter size-full\"><img decoding=\"async\" loading=\"lazy\" width=\"980\" height=\"735\" src=\"http:\/\/www.stavby.se\/wp-content\/uploads\/2024\/03\/Stigen.jpg\" alt=\"\" class=\"wp-image-853\" srcset=\"https:\/\/www.stavby.se\/wp-content\/uploads\/2024\/03\/Stigen.jpg 980w, https:\/\/www.stavby.se\/wp-content\/uploads\/2024\/03\/Stigen-300x225.jpg 300w, https:\/\/www.stavby.se\/wp-content\/uploads\/2024\/03\/Stigen-768x576.jpg 768w\" sizes=\"(max-width: 980px) 100vw, 980px\" \/><figcaption class=\"wp-element-caption\"><strong>Stigen<\/strong><\/figcaption><\/figure><\/div>\n\n<div class=\"wp-block-image\">\n<figure class=\"aligncenter size-large\"><img decoding=\"async\" loading=\"lazy\" width=\"1024\" height=\"528\" src=\"http:\/\/www.stavby.se\/wp-content\/uploads\/2024\/03\/Stigen_karta-1024x528.jpg\" alt=\"\" class=\"wp-image-850\" srcset=\"https:\/\/www.stavby.se\/wp-content\/uploads\/2024\/03\/Stigen_karta-1024x528.jpg 1024w, https:\/\/www.stavby.se\/wp-content\/uploads\/2024\/03\/Stigen_karta-300x155.jpg 300w, https:\/\/www.stavby.se\/wp-content\/uploads\/2024\/03\/Stigen_karta-768x396.jpg 768w, https:\/\/www.stavby.se\/wp-content\/uploads\/2024\/03\/Stigen_karta.jpg 1195w\" sizes=\"(max-width: 1024px) 100vw, 1024px\" \/><figcaption class=\"wp-element-caption\"><strong>Stigen karta<\/strong><\/figcaption><\/figure><\/div>\n\n\n<p> <br><br><br><\/p>\n","protected":false},"excerpt":{"rendered":"<p>V\u00e4lkommen till gropen och stigen! Det samarbetsprojekt som var startskottet f\u00f6r gropen och stigen tilldelades 100&nbsp;000&nbsp;kr och vi fick bl.a. utm\u00e4rkelsen \u201dB\u00e4sta bygdecheck\u201d av Leader Upplandsbygd.Efter att samarbetsprojektet avslutades 2014 s\u00e5 har det under 2018 \u00e4ven byggts en frisbeegolfbana i grusgropen.&nbsp; Stavbygropen I grusgropen intill Stavby f\u00f6rsamlingshem finns m\u00f6jligheter till olika aktiviteter och upplevelser. H\u00e4r [&hellip;]<\/p>\n","protected":false},"author":1,"featured_media":0,"parent":0,"menu_order":0,"comment_status":"closed","ping_status":"closed","template":"","meta":[],"folder":[],"_links":{"self":[{"href":"https:\/\/www.stavby.se\/index.php\/wp-json\/wp\/v2\/pages\/837"}],"collection":[{"href":"https:\/\/www.stavby.se\/index.php\/wp-json\/wp\/v2\/pages"}],"about":[{"href":"https:\/\/www.stavby.se\/index.php\/wp-json\/wp\/v2\/types\/page"}],"author":[{"embeddable":true,"href":"https:\/\/www.stavby.se\/index.php\/wp-json\/wp\/v2\/users\/1"}],"replies":[{"embeddable":true,"href":"https:\/\/www.stavby.se\/index.php\/wp-json\/wp\/v2\/comments?post=837"}],"version-history":[{"count":14,"href":"https:\/\/www.stavby.se\/index.php\/wp-json\/wp\/v2\/pages\/837\/revisions"}],"predecessor-version":[{"id":869,"href":"https:\/\/www.stavby.se\/index.php\/wp-json\/wp\/v2\/pages\/837\/revisions\/869"}],"wp:attachment":[{"href":"https:\/\/www.stavby.se\/index.php\/wp-json\/wp\/v2\/media?parent=837"}],"wp:term":[{"taxonomy":"folder","embeddable":true,"href":"https:\/\/www.stavby.se\/index.php\/wp-json\/wp\/v2\/folder?post=837"}],"curies":[{"name":"wp","href":"https:\/\/api.w.org\/{rel}","templated":true}]}}