{"id":85,"date":"2018-03-25T18:37:23","date_gmt":"2018-03-25T16:37:23","guid":{"rendered":"http:\/\/nysida.stavby.se\/?page_id=85"},"modified":"2026-04-05T08:38:54","modified_gmt":"2026-04-05T06:38:54","slug":"stavby-traktorrace","status":"publish","type":"page","link":"https:\/\/www.stavby.se\/index.php\/startsida\/stavby-traktorrace\/","title":{"rendered":"Stavby Traktorrace"},"content":{"rendered":"<p>\u00a0<\/p>\n<p>Varje \u00e5r arrangeras det traktorrace h\u00e4r i byn. De senaste \u00e5ren, med uppeh\u00e5ll i tv\u00e5 \u00e5r p.g.a. pandemin, har det varit strax \u00f6ver 3000 bes\u00f6kande och man kan v\u00e4l s\u00e4ga att racet har blivit en tradition.<br \/>\u00c5rets traktorrace \u00e4ger rum s\u00f6ndagen den 20 juli 2025.<br \/>Kl. 17.00 \u00d6ppnar entr\u00e9n 60:- kont. el. Swish<br \/>Barn under 15 \u00e5r gratis.<br \/>Kl. 18.00 <strong>Barntraktor-race\u00a0<\/strong>anm\u00e4lan p\u00e5 plats.<br \/>Kl. 19.00\u00a0<strong>RACET STARTAR<\/strong><\/p>\n<p>Vill ocks\u00e5 upplysa om att vi tidigare sk\u00e4nkt h\u00e4lften av int\u00e4kterna till Cancerfonden och kommer \u00e4ven s\u00e5 g\u00f6ra i \u00e5r. Hittills (t.o.m. \u00e5r 2025) har vi sk\u00e4nkt totalt 408 000 kr till Cancerfonden.<\/p>\n<p>Vill du vara med och t\u00e4vla eller vara med bland utst\u00e4llarna ring Rolf Nyman 073-976 36 82<\/p>\n\n\n<figure class=\"wp-block-image size-large\"><img decoding=\"async\" loading=\"lazy\" width=\"849\" height=\"561\" src=\"http:\/\/www.stavby.se\/wp-content\/uploads\/2018\/04\/Traktorrace.jpg\" alt=\"\" class=\"wp-image-112\" srcset=\"https:\/\/www.stavby.se\/wp-content\/uploads\/2018\/04\/Traktorrace.jpg 849w, https:\/\/www.stavby.se\/wp-content\/uploads\/2018\/04\/Traktorrace-300x198.jpg 300w, https:\/\/www.stavby.se\/wp-content\/uploads\/2018\/04\/Traktorrace-768x507.jpg 768w\" sizes=\"(max-width: 849px) 100vw, 849px\" \/><\/figure>\n","protected":false},"excerpt":{"rendered":"<p>\u00a0 Varje \u00e5r arrangeras det traktorrace h\u00e4r i byn. De senaste \u00e5ren, med uppeh\u00e5ll i tv\u00e5 \u00e5r p.g.a. pandemin, har det varit strax \u00f6ver 3000 bes\u00f6kande och man kan v\u00e4l s\u00e4ga att racet har blivit en tradition.\u00c5rets traktorrace \u00e4ger rum s\u00f6ndagen den 20 juli 2025.Kl. 17.00 \u00d6ppnar entr\u00e9n 60:- kont. el. SwishBarn under 15 \u00e5r [&hellip;]<\/p>\n","protected":false},"author":1,"featured_media":0,"parent":16,"menu_order":2,"comment_status":"closed","ping_status":"closed","template":"","meta":[],"folder":[],"_links":{"self":[{"href":"https:\/\/www.stavby.se\/index.php\/wp-json\/wp\/v2\/pages\/85"}],"collection":[{"href":"https:\/\/www.stavby.se\/index.php\/wp-json\/wp\/v2\/pages"}],"about":[{"href":"https:\/\/www.stavby.se\/index.php\/wp-json\/wp\/v2\/types\/page"}],"author":[{"embeddable":true,"href":"https:\/\/www.stavby.se\/index.php\/wp-json\/wp\/v2\/users\/1"}],"replies":[{"embeddable":true,"href":"https:\/\/www.stavby.se\/index.php\/wp-json\/wp\/v2\/comments?post=85"}],"version-history":[{"count":30,"href":"https:\/\/www.stavby.se\/index.php\/wp-json\/wp\/v2\/pages\/85\/revisions"}],"predecessor-version":[{"id":1079,"href":"https:\/\/www.stavby.se\/index.php\/wp-json\/wp\/v2\/pages\/85\/revisions\/1079"}],"up":[{"embeddable":true,"href":"https:\/\/www.stavby.se\/index.php\/wp-json\/wp\/v2\/pages\/16"}],"wp:attachment":[{"href":"https:\/\/www.stavby.se\/index.php\/wp-json\/wp\/v2\/media?parent=85"}],"wp:term":[{"taxonomy":"folder","embeddable":true,"href":"https:\/\/www.stavby.se\/index.php\/wp-json\/wp\/v2\/folder?post=85"}],"curies":[{"name":"wp","href":"https:\/\/api.w.org\/{rel}","templated":true}]}}